{"id":3,"date":"2024-11-01T00:00:53","date_gmt":"2024-11-01T00:00:53","guid":{"rendered":"https:\/\/medijales.com\/?page_id=3"},"modified":"2024-11-01T20:40:58","modified_gmt":"2024-11-01T20:40:58","slug":"splosni-pogoji","status":"publish","type":"page","link":"https:\/\/medijales.com\/index.php\/splosni-pogoji\/","title":{"rendered":"Splo\u0161ni pogoji"},"content":{"rendered":"\n<h1 class=\"wp-block-heading\">Splo\u0161ni pogoji<\/h1>\n\n\n\n<p>Z va\u0161imi podatki ravnamo odgovorno, pazljivo in v skladu z dolo\u010dili uredbe GDPR.<\/p>\n\n\n\n<p>Pi\u0161kotki, ki jih namestimo v va\u0161em brskalniku, nam omogo\u010dajo, da lahko zagotovimo delovanje vseh funkcij spletnega mesta in dolo\u010dene vsebine prilagodimo posebej za vas.<\/p>\n\n\n\n<p>Va\u0161e osebne podatke potrebujemo, da bomo lahko mi opravili na\u0161o storitev. Va\u0161e ime, priimek, e-naslov in telefonsko \u0161tevilko potrebujemo, da vam posredujemo na\u0161o ponudbo, obvestimo o datumu dostave, monta\u017ee. <\/p>\n\n\n\n<p>Ob naro\u010dilu igrala ali produktov boste vpisali \u0161e va\u0161 naslov, ki ga potrebujemo za ra\u010dunovodske storitve, po\u0161iljanje paketka z ra\u010dunom in\/ali po\u0161iljanje va\u0161ih produktov. <\/p>\n\n\n\n<p>Po opravljeni storitvi vam na va\u0161 e-naslov lahko ob\u010dasno po\u0161ljemo novi\u010dke iz na\u0161ega podjetja.<\/p>\n\n\n\n<p>Kadarkoli lahko zahtevate izpis, urejanje ali izbris vseh podatkov, ki jih skrbno in varno hranimo pri Medija les, Miran Verbu\u010d s.p. Va\u0161e podatke hranimo najmanj 5 let. Va\u0161ih podatkov ne posredujemo drugim podjetjem. Za za\u0161\u010dito va\u0161ih podatkov smo sprejeli tehni\u010dne in organizacijske ukrepe. Na\u0161e metode in varnostne ukrepe pa redno prilagajamo tehni\u010dnemu razvoju.<\/p>\n\n\n\n<p>NAGRADNE IGRE<\/p>\n\n\n\n<p>SPLO\u0160NE DOLO\u010cBE<br>1. \u010dlen<br>(1) Organizator nagradne igre je Medija les, Miran Verbu\u010d s.p., Lepa Njiva 8, 3330 Mozirje (v nadaljevanju organizator).<\/p>\n\n\n\n<p>(2) Kadar kot so-organizator nagradne igre sodeluje tudi poslovni partner organizatorja, ta zagotovi nagrade in izvede nagradno \u017erebanje, organizator pa izvede nagradno igro na svojih Spletnih straneh in\/ali Facebook Profilih, kakor dolo\u010deno v besedilu razpisa posamezne nagradne igre.<\/p>\n\n\n\n<p>(3) V primeru, da nagrade zagotovi poslovni partner organizatorja, ki ne \u017eeli sodelovati v vlogi in obveznostih so-organizatorja (v nadaljevanju pokrovitelj), vse aktivnosti tega prevzame organizator.<\/p>\n\n\n\n<p>POGOJI SODELOVANJA<br>2. \u010dlen<br>(1) V nagradni igri lahko sodelujejo polnoletne osebe s stalnim ali za\u010dasnim bivali\u0161\u010dem v Republiki Sloveniji. Mladoletne osebe (mlaj\u0161e od 18 let) morajo imeti za sodelovanje v nagradni igri predhodno pisno soglasje star\u0161ev ali zakonitih zastopnikov.<\/p>\n\n\n\n<p>(2) V primeru, ko nagradna igra poteka prek spletnega dru\u017eabnega omre\u017eja Facebook, lahko v nagradni igri sodelujejo vse osebe, ki so v okviru spletnega dru\u017eabnega omre\u017eja Facebook pridru\u017eene posameznemu Profilu, na katerem poteka nagradna igra oziroma vse osebe, ki so na tem Profilu kliknile gumb \u00bbV\u0161e\u010d mi je.\u00ab oziroma \u00bbLike.\u00ab, razen \u010de besedilo razpisane nagradne igre ne predvideva druga\u010de.<\/p>\n\n\n\n<p>(3) Sodelovanje v nagradni igri ni pogojeno z nakupom in ga Medija les ne zara\u010dunava.<\/p>\n\n\n\n<p>(4) Udele\u017eenci nagradne igre sami krijejo vse stro\u0161ke sodelovanja v nagradni igri.<\/p>\n\n\n\n<p>Med stro\u0161ke sodelovanja se med drugim uvr\u0161\u010dajo:<\/p>\n\n\n\n<p>stro\u0161ek dostopa do interneta;<br>stro\u0161ek prenosa podatkov z interneta.<\/p>\n\n\n\n<p>(5) V nagradni igri ne smejo sodelovati zaposleni in zunanji pogodbeni sodelavci Medijales ali njihovi o\u017eji dru\u017einski \u010dlani.<\/p>\n\n\n\n<p>(6) Vsak posameznik lahko k posamezni nagradni igri pristopi le enkrat.<\/p>\n\n\n\n<p>POTEK NAGRADNE IGRE<br>3. \u010dlen<br>Podrobna predstavitev in potek nagradne igre je na voljo na Spletni strani in\/ali Facebook Profilu.<\/p>\n\n\n\n<p>PRAVILA NAGRADNE IGRE<br>4. \u010dlen<br>(1) Datum za\u010detka in zaklju\u010dka nagradne igre je objavljen na Spletni strani in\/ali Facebook Profilu, kjer nagradna igra tudi poteka.<\/p>\n\n\n\n<p>(2) S sodelovanjem v nagradni igri se \u0161teje, da udele\u017eenec sprejema te splo\u0161ne pogoje sodelovanja v nagradni igri in pogoje, ki so objavljeni na Spletni strani in\/ali Facebook Profilu.<\/p>\n\n\n\n<p>(3) V primeru navedbe nepopolnih, nepravilnih ali neresni\u010dnih podatkov (elektronskega naslova oziroma podatkov iz 3. odstavka 8. \u010dlena Splo\u0161nih pogojev nagradnih iger) si organizator pridr\u017euje pravico, da udele\u017eencu sodelovanje v nagradni igri zavrne ali ga iz nagradne igre izklju\u010di.<\/p>\n\n\n\n<p>Udele\u017eenec izgubi pravico do nagrade, \u010de organizator ugotovi, da:<\/p>\n\n\n\n<p>udele\u017eenec ni izpolnjeval pogojev sodelovanja;<br>je udele\u017eenec kr\u0161il pravila in pogoje sodelovanja v nagradni igri;<br>udele\u017eenec ne \u017eeli izpolniti obveznosti v skladu s temi pogoji ali posebnimi pogoji objavljenimi na Spletni strani in\/ali Facebook Profilu ali jih ni izpolnil pravo\u010dasno;<br>v primeru prijav: \u010de je prijava na kakr\u0161enkoli na\u010din neustrezna.<br>V primeru, ko udele\u017eenec izgubi pravico do nagrade, organizator presodi, ali bo nagrado podelil komu drugemu ali ne.<\/p>\n\n\n\n<p>(4) V kolikor pogoji nagradne igre pogojujejo sodelovanje v nagradni igri, s tem da udele\u017eenec predlo\u017ei skice, risbe, fotografije, video posnetke ali drugo avtorsko gradivo, udele\u017eenec s posredovanjem gradiva organizatorju jam\u010di, da razpolaga z vsemi materialnimi avtorskimi upravi\u010denji na tem gradivu in jih v celoti enkrat za vselej za vse primere prena\u0161a na organizatorja nagradne igre.<\/p>\n\n\n\n<p>(5) S posredovanjem gradiva iz prej\u0161njega odstavka tega \u010dlena udele\u017eenec podaja nepreklicno soglasje za objavo, razstavo, tiskanje, distribucijo ipd., v delu ali celoti, brez omejitev glede transformacij ali obdelave gradiva, v vseh medijih (tiskanih medijih, na spletnih straneh, facebook profilih, ogla\u0161evalskih edicijah ali drugih medijih) organizatorja oz. soorganizatorja nagradne igre brez pravice do nadomestila oz. pla\u010dila. Hkrati se odpoveduje pravici pregledovati, odobriti, nasprotovati kakr\u0161nemu koli na\u010dinu uporabe gradiva, uredni\u0161ki izbiri ali izgledu materiala.<\/p>\n\n\n\n<p>(6) V primeru, da je udele\u017eenec iz\u017ereban oziroma izbran za nagrajenca, ta s prevzemom nagrade podaja nepreklicno soglasje k sodelovanju z organizatorjem oz. soorganizatorjem v smislu fotografiranja nagrajenca za potrebe ogla\u0161evanja oz. objav tako pridobljenega gradiva v vseh medijih (tiskanih medijih, na spletnih straneh, facebook profilih, ogla\u0161evalskih edicijah ali drugih medijih) organizatorja oz. soorganizatorja nagradne igre brez pravice do nadomestila oz. pla\u010dila. Hkrati se odpoveduje pravici pregledovati, odobriti, nasprotovati kakr\u0161nemu koli na\u010dinu uporabe gradiva, uredni\u0161ki izbiri ali izgledu materiala.<\/p>\n\n\n\n<p>NAGRADE<br>5. \u010dlen<br>(1) Posamezni udele\u017eenec nagradne igre lahko prejme le eno izmed nagrad. \u010ce je udele\u017eenec iz\u017ereban dvakrat ali ve\u010dkrat, prejme tisto nagrado, za katero je bil iz\u017ereban najprej.<\/p>\n\n\n\n<p>(2) Vrsta in opis nagrad sta predstavljena v besedilu razpisa nagradne igre na Spletni strani in\/ali Facebook Profilu, kjer nagradna igra tudi poteka.<\/p>\n\n\n\n<p>(3) Nagrade niso zamenljive za drugo vrsto nagrade, izpla\u010dljive v gotovini ali prenosljive na tretje osebe.<\/p>\n\n\n\n<p>\u017dREBANJE NAGRAD<br>6. \u010dlen<br>(1) Za organizacijo, izvedbo in nadzor nad potekom nagradne igre ter \u017erebanjem nagrajencev skrbi komisija, ki jo sestavljajo predstavniki organizatorja in\/ali predstavniki so-organizatorja.<\/p>\n\n\n\n<p>(2) \u017drebanje nagrad bo potekalo na dan dolo\u010den v opisu nagradne igre na Spletni strani in\/ali Facebook Profilu, najkasneje pa v 14-ih dneh po zaklju\u010dku nagradne igre na sede\u017eu organizatorja (Lepa Njiva 8,3330 Mozirje) ali so-organizatorja.<\/p>\n\n\n\n<p>OBVE\u0160\u010cANJE NAGRAJENCEV<br>7. \u010dlen<br>(1) Nagrajenec bo obvestilo o nagradi prejel prek zasebnega sporo\u010dila na svojem Facebook Profilu ali na svoj elektronski naslov, ki ga je posredoval ob za\u010detku nagradne igre na Spletni strani.<\/p>\n\n\n\n<p>(2) S sodelovanjem v posamezni nagradni igri udele\u017eenec sogla\u0161a, da ga v primeru iz\u017erebanja organizator kot nagrajenca objavi na zidu Facebook Profila in ob tem tudi ozna\u010di (\u00bbtag\u00ab). V primeru, ko nagradna igra poteka le na Spletni strani, udele\u017eenec sogla\u0161a, da ga v primeru iz\u017erebanja organizator kot nagrajenca objavi na tisti Spletni strani, kjer nagradna igra tudi poteka.<\/p>\n\n\n\n<p>(3) Seznam nagrajencev bo objavljen na Spletni strani in\/ali Facebook Profilu najkasneje v treh dneh po \u017erebanju nagrad. V primeru, da \u017erebanje izvede so-organizator, bo seznam objavljen najkasneje v desetih dneh od dneva \u017erebanja.<\/p>\n\n\n\n<p>(4) Rezultati nagradne igre so dokon\u010dni. Prito\u017eba nanje ni mogo\u010da.<\/p>\n\n\n\n<p>PREVZEM NAGRAD<br>8. \u010dlen<br>(1) Udele\u017eenec je kot nagrajenec upravi\u010den do prevzema nagrade, \u010de ga o nagradi v dogovorjenem roku obvesti organizator oziroma administrator Spletne strani in\/ali Facebook Profila.<\/p>\n\n\n\n<p>(2) Nagrade so obdav\u010dene po Zakonu o dohodnini. Nagrajenec je zavezanec za pla\u010dilo dohodnine v skladu z Zakonom o dohodnini (drugi prejemki, med katere spadajo tudi nagrade). Akontacijo dohodnine obra\u010duna in odvede organizator nagradne igre oz. soorganizator ali sponzor, ki zagotovi nagrado.<\/p>\n\n\n\n<p>(3) Za prevzem nagrade mora nagrajenec ob pisnem pozivu organizatorja predlo\u017eiti naslednje osebne podatke: ime in priimek, to\u010den naslov stalnega bivali\u0161\u010da, kraj bivanja, dav\u010dno \u0161tevilko in dav\u010dni urad. Za potrebe obve\u0161\u010danja o prevzemu nagrade nagrajenec sporo\u010di tudi kontaktno telefonsko \u0161tevilko.<\/p>\n\n\n\n<p>\u010ce nagrajenec v sedmih dneh po datumu poslanega poziva ne predlo\u017ei potrebnih podatkov, izgubi pravico do nagrade brez pravice do kakr\u0161negakoli nadomestila.<\/p>\n\n\n\n<p>(4) Organizator s pisnim pozivom iz odstavka (3) tega \u010dlena nagrajenca obvesti o na\u010dinu prevzema nagrade. Nagrado lahko organizator na lastne stro\u0161ke po\u0161lje na naslov, ki ga je sporo\u010dil nagrajenec.<\/p>\n\n\n\n<p>Kadar je predmet nagrade ob\u010dutljiv predmet (na primer ob\u010dutljiv mehanizem, steklena embala\u017ea, embala\u017ea, ki vsebuje teko\u010dino in podobno) ali predmet, ki zaradi svoje te\u017ee in\/ali velikosti ni primeren za varno po\u0161iljanje po po\u0161ti, nagrajenci nagrado prevzamejo osebno na sede\u017eu organizatorja. Po dogovoru z nagrajencem je mogo\u010de po po\u0161ti poslati tudi ob\u010dutljive predmete, vendar organizator ne prevzema nobene odgovornosti za morebitne po\u0161kodbe, nastale med po\u0161iljanjem paketa. V primeru izgubljenega ali po\u0161kodovanega paketa in\/ali po\u0161kodovane vsebine paketa, nagrajenec ni upravi\u010den do kakr\u0161negakoli nadomestila, finan\u010dnega ali materialnega.<\/p>\n\n\n\n<p>(5) Osebe, mlaj\u0161e od 18 let, morajo za prevzem nagrade organizatorju predlo\u017eiti pisno soglasje star\u0161ev ali zakonitega skrbnika hkrati s posredovanjem podatkov iz 3. odstavka tega \u010dlena, najkasneje pa do prevzema nagrade.<\/p>\n\n\n\n<p>Pisno soglasje lahko star\u0161i ali zakoniti skrbniki oblikujejo sami.<\/p>\n\n\n\n<p>VAROVANJE INFORMACIJ IN OSEBNIH PODATKOV<br>9. \u010dlen<br>(1) Organizator Miran Verbu\u010d s.p.kot upravljavec osebnih podatkov spo\u0161tuje zasebnost udele\u017eencev posamezne nagradne igre in se zavezuje, da bo z osebnimi podatki, pridobljenimi tekom nagradne igre, ravnal skrbno in jih varoval ter obdeloval v skladu z dolo\u010dili uredbe GDPR.<\/p>\n\n\n\n<p>(2) Brez izrecne privolitve udele\u017eencev posamezne nagradne igre osebnih podatkov udele\u017eencev ne bo posredoval tretji osebi ali jih uporabil v druge namene, kot izklju\u010dno za potrebe uspe\u0161ne celostne izvedbe nagradne igre, razen, \u010de s predpisi ni dolo\u010deno druga\u010de.<\/p>\n\n\n\n<p>(3) V primeru, ko organizator nagradno igro organizira skupaj s so-organizatorjem, bo ta so-organizatorju posredoval seznam nagrajencev. Organizator ne prevzema odgovornosti za ustrezno odbdelavo in hrambo podatkov, ki so bili posredovani so-organizatorju.<\/p>\n\n\n\n<p>(4) V kolikor se sodelujo\u010di v nagradni igri strinja s posredovanje podatkov so-organizatorju, bo organizator po kon\u010dani igri vse podatke takih uporabnikov posredoval so-organizatorju. Organizator ne prevzema odgovornosti za ustrezno odbdelavo in hrambo podatkov, ki so bili posredovani so-organizatorju.<\/p>\n\n\n\n<p>(5) V kolikor se sodelujo\u010di v nagradni igri strinja s prejemanjem e-novi\u010dk organizatorja in\/ali so-organizatorja, lahko organizator e-mail naslove posreduje tudi so-organizatorju nagradne igre.<\/p>\n\n\n\n<p>(6) Organizator ne prevzema nobene odgovornosti za za\u0161\u010dito podatkov na spletnih straneh, do katerih vodijo dolo\u010dene povezave na Spletnih straneh organizatorja, niti ne prevzema odgovornosti za morebitne napake, ki se lahko pojavijo ob posredovanju napa\u010dnih ali la\u017enih podatkov s strani udele\u017eencev nagradne igre.<\/p>\n\n\n\n<p>(7) Udele\u017eenec nagradne igre organizatorju kot upravljavcu zbirke osebnih podatkov dovoljuje, da do preklica udele\u017eenca oziroma do izpolnitve namena obdelave podatkov vodi, vzdr\u017euje in obdeluje zbirko posredovanih osebnih podatkov za potrebe izvedbe nagradne igre v skladu z dolo\u010dili uredbe GDPR.<\/p>\n\n\n\n<p>Osebni podatki v zbirki osebnih podatkov nagrajencev in namen njihovega zbiranja, obdelave, shranjevanja in uporabe:<\/p>\n\n\n\n<p>\u2013 elektronski naslov (za potrebe sodelovanja v nagradni igri, \u017erebanja in posredovanja pisnih pozivov organizatorja po nadaljnjem ravnanju v primeru upravi\u010denosti do nagrade);<br>\u2013 ime in priimek, naslov in kraj bivanja (za potrebe identifikacije nagrajenca, \u017erebanja, obve\u0161\u010danja o nagradah in obve\u0161\u010danja o na\u010dinu prevzema nagrad ter za potrebe poro\u010danja dav\u010dnim organom v skladu z veljavno dav\u010dno zakonodajo v Republiki Sloveniji);<br>\u2013 kontaktna telefonska ali GSM \u0161tevilka (za potrebe obve\u0161\u010danja v primeru kakr\u0161nihkoli te\u017eav z dostavo nagrade);<br>\u2013 dav\u010dna \u0161tevilka in dav\u010dni urad nagrajenca (za potrebe poro\u010danja dav\u010dnim organom v skladu z veljavno dav\u010dno zakonodajo v Republiki Sloveniji)<\/p>\n\n\n\n<p>(8) V \u010dasu upravljanja osebnih podatkov ima vsak posamezni udele\u017eenec mo\u017enost vpogleda, prepisa, kopiranja, dopolnitve, popravka, blokiranja in izbrisa osebnih podatkov v zbirki osebnih podatkov, skladno z veljavnimi predpisi.<\/p>\n\n\n\n<p>(9) Podatke hranimo v ra\u010dunalni\u0161ki obliki. Po prenehanju potrebe po vodenju podatkov ali na podlagi zahtevka nagrajenca, se podatki izbri\u0161ejo.<\/p>\n\n\n\n<p>(10) Uporabniki podatkov so administrator Spletne strani in\/ali Facebook Profila ter odgovorni za dostavo nagrad.<\/p>\n\n\n\n<p>(11) S sodelovanjem v nagradni igri udele\u017eenec sogla\u0161a, da mu lahko organizator po\u0161ilja brezpla\u010dna splo\u0161na obvestila vezana na nagradno igro prek elektronske po\u0161te ali telefonske \u0161tevilke iz 3. odst. 8. \u010dlena teh pogojev do preklica tega soglasja oziroma do izpolnitve namena hrambe kontaktnih podatkov.<\/p>\n\n\n\n<p>KON\u010cNE IN PREHODNE DOLO\u010cBE<br>10. \u010dlen<br>(1) Udele\u017eenci nagradne igre hkrati s Pogoji nagradne igre sprejemajo tudi pogoje in pravila Facebook skupnosti. Organizator ne prevzema nobene odgovornosti za nespo\u0161tovanje pogojev uporabe Facebook skupnosti s strani udele\u017eencev nagradne igre. Prav tako ne prevzema odgovornosti za kar\u0161nekoli posledice nastale kot rezultat objave prispevkov na Facebook Profilu.<\/p>\n\n\n\n<p>(2) Organizator si pridr\u017euje pravico do dopolnitev in sprememb pogojev nagrade igre, \u010de tako zahtevajo vzroki tehni\u010dne ali komercialne narave ali vzroki na strani javnosti.<\/p>\n\n\n\n<p>(3) O vseh spremembah in novostih nagradne igre bo organizator udele\u017eence sproti obve\u0161\u010dal z objavami na Spletni strani in\/ali Facebook Profilu.<\/p>\n\n\n\n<p>(4) Vpra\u0161anja o zaupnosti in uporabi va\u0161ih osebnih podatkov oziroma \u017eeljo po dodatnih informacijah v zvezi z nagradno igro naslovite na elektronski naslov: medijalesvgmail.com<\/p>\n\n\n\n<p>Za dodatne informacije o nagradni igri lahko pi\u0161ete na elektronski naslov: medijalesvgmail.com<\/p>\n\n\n\n<p>Lepa Njiva 01. 11. 2024<br>Medija les, Miran Verbu\u010d s.p.<\/p>\n","protected":false},"excerpt":{"rendered":"<p>Splo\u0161ni pogoji Z va\u0161imi podatki ravnamo odgovorno, pazljivo in v skladu z dolo\u010dili uredbe GDPR. Pi\u0161kotki, ki jih namestimo v va\u0161em brskalniku, nam omogo\u010dajo, da lahko zagotovimo delovanje vseh funkcij spletnega mesta in dolo\u010dene vsebine prilagodimo posebej za vas. Va\u0161e osebne podatke potrebujemo, da bomo lahko mi opravili na\u0161o storitev. Va\u0161e ime, priimek, e-naslov in [&hellip;]<\/p>\n","protected":false},"author":1,"featured_media":0,"parent":0,"menu_order":0,"comment_status":"closed","ping_status":"closed","template":"","meta":{"footnotes":""},"class_list":["post-3","page","type-page","status-publish","hentry"],"_links":{"self":[{"href":"https:\/\/medijales.com\/index.php\/wp-json\/wp\/v2\/pages\/3","targetHints":{"allow":["GET"]}}],"collection":[{"href":"https:\/\/medijales.com\/index.php\/wp-json\/wp\/v2\/pages"}],"about":[{"href":"https:\/\/medijales.com\/index.php\/wp-json\/wp\/v2\/types\/page"}],"author":[{"embeddable":true,"href":"https:\/\/medijales.com\/index.php\/wp-json\/wp\/v2\/users\/1"}],"replies":[{"embeddable":true,"href":"https:\/\/medijales.com\/index.php\/wp-json\/wp\/v2\/comments?post=3"}],"version-history":[{"count":2,"href":"https:\/\/medijales.com\/index.php\/wp-json\/wp\/v2\/pages\/3\/revisions"}],"predecessor-version":[{"id":187,"href":"https:\/\/medijales.com\/index.php\/wp-json\/wp\/v2\/pages\/3\/revisions\/187"}],"wp:attachment":[{"href":"https:\/\/medijales.com\/index.php\/wp-json\/wp\/v2\/media?parent=3"}],"curies":[{"name":"wp","href":"https:\/\/api.w.org\/{rel}","templated":true}]}}